{"id":14,"date":"2020-04-19T23:34:39","date_gmt":"2020-04-19T23:34:39","guid":{"rendered":"https:\/\/ssa.ensoulrecords.com\/?page_id=14"},"modified":"2023-06-02T19:05:46","modified_gmt":"2023-06-02T19:05:46","slug":"epk","status":"publish","type":"page","link":"https:\/\/tinaleon.ensoulrecords.com\/en\/","title":{"rendered":"TINA LEON &#8211; EPK"},"content":{"rendered":"<div data-elementor-type=\"wp-page\" data-elementor-id=\"14\" class=\"elementor elementor-14\">\n\t\t\t\t\t\t\t\t\t<section class=\"elementor-section elementor-top-section elementor-element elementor-element-9f399a5 elementor-section-boxed elementor-section-height-default elementor-section-height-default\" data-id=\"9f399a5\" data-element_type=\"section\" data-settings=\"{&quot;background_background&quot;:&quot;slideshow&quot;,&quot;background_slideshow_gallery&quot;:[],&quot;background_slideshow_loop&quot;:&quot;yes&quot;,&quot;background_slideshow_slide_duration&quot;:5000,&quot;background_slideshow_slide_transition&quot;:&quot;fade&quot;,&quot;background_slideshow_transition_duration&quot;:500}\">\n\t\t\t\t\t\t<div class=\"elementor-container elementor-column-gap-default\">\n\t\t\t\t\t<div class=\"elementor-column elementor-col-100 elementor-top-column elementor-element elementor-element-c4b12f2\" data-id=\"c4b12f2\" data-element_type=\"column\">\n\t\t\t<div class=\"elementor-widget-wrap elementor-element-populated\">\n\t\t\t\t\t\t\t\t<div class=\"elementor-element elementor-element-0dda5f8 elementor-widget elementor-widget-image\" data-id=\"0dda5f8\" data-element_type=\"widget\" data-widget_type=\"image.default\">\n\t\t\t\t<div class=\"elementor-widget-container\">\n\t\t\t<style>\/*! elementor - v3.13.3 - 28-05-2023 *\/\n.elementor-widget-image{text-align:center}.elementor-widget-image a{display:inline-block}.elementor-widget-image a img[src$=\".svg\"]{width:48px}.elementor-widget-image img{vertical-align:middle;display:inline-block}<\/style>\t\t\t\t\t\t\t\t\t\t\t\t<img loading=\"lazy\" decoding=\"async\" width=\"1920\" height=\"1005\" src=\"https:\/\/tinaleon.ensoulrecords.com\/wp-content\/uploads\/2023\/02\/TL_Release_1920x1005_RVB_V3.jpg\" class=\"attachment-full size-full wp-image-325\" alt=\"\" srcset=\"https:\/\/tinaleon.ensoulrecords.com\/wp-content\/uploads\/2023\/02\/TL_Release_1920x1005_RVB_V3.jpg 1920w, https:\/\/tinaleon.ensoulrecords.com\/wp-content\/uploads\/2023\/02\/TL_Release_1920x1005_RVB_V3-300x157.jpg 300w, https:\/\/tinaleon.ensoulrecords.com\/wp-content\/uploads\/2023\/02\/TL_Release_1920x1005_RVB_V3-1024x536.jpg 1024w, https:\/\/tinaleon.ensoulrecords.com\/wp-content\/uploads\/2023\/02\/TL_Release_1920x1005_RVB_V3-768x402.jpg 768w, https:\/\/tinaleon.ensoulrecords.com\/wp-content\/uploads\/2023\/02\/TL_Release_1920x1005_RVB_V3-1536x804.jpg 1536w, https:\/\/tinaleon.ensoulrecords.com\/wp-content\/uploads\/2023\/02\/TL_Release_1920x1005_RVB_V3-18x9.jpg 18w\" sizes=\"auto, (max-width: 1920px) 100vw, 1920px\" \/>\t\t\t\t\t\t\t\t\t\t\t\t\t\t\t<\/div>\n\t\t\t\t<\/div>\n\t\t\t\t\t<\/div>\n\t\t<\/div>\n\t\t\t\t\t\t\t<\/div>\n\t\t<\/section>\n\t\t\t\t<section class=\"elementor-section elementor-top-section elementor-element elementor-element-ebb8fd1 elementor-section-boxed elementor-section-height-default elementor-section-height-default\" data-id=\"ebb8fd1\" data-element_type=\"section\">\n\t\t\t\t\t\t<div class=\"elementor-container elementor-column-gap-default\">\n\t\t\t\t\t<div class=\"elementor-column elementor-col-66 elementor-top-column elementor-element elementor-element-54227f7\" data-id=\"54227f7\" data-element_type=\"column\">\n\t\t\t<div class=\"elementor-widget-wrap elementor-element-populated\">\n\t\t\t\t\t\t\t\t<div class=\"elementor-element elementor-element-942353f elementor-widget elementor-widget-video\" data-id=\"942353f\" data-element_type=\"widget\" data-settings=\"{&quot;youtube_url&quot;:&quot;https:\\\/\\\/youtube.com\\\/watch?v=AS1jPqgxG8c&amp;feature=shares&quot;,&quot;yt_privacy&quot;:&quot;yes&quot;,&quot;modestbranding&quot;:&quot;yes&quot;,&quot;show_image_overlay&quot;:&quot;yes&quot;,&quot;image_overlay&quot;:{&quot;url&quot;:&quot;&quot;,&quot;id&quot;:&quot;&quot;,&quot;size&quot;:&quot;&quot;,&quot;alt&quot;:&quot;&quot;,&quot;source&quot;:&quot;library&quot;},&quot;lazy_load&quot;:&quot;yes&quot;,&quot;video_type&quot;:&quot;youtube&quot;,&quot;controls&quot;:&quot;yes&quot;}\" data-widget_type=\"video.default\">\n\t\t\t\t<div class=\"elementor-widget-container\">\n\t\t\t<style>\/*! elementor - v3.13.3 - 28-05-2023 *\/\n.elementor-widget-video .elementor-widget-container{overflow:hidden;transform:translateZ(0)}.elementor-widget-video .elementor-wrapper{aspect-ratio:var(--video-aspect-ratio)}.elementor-widget-video .elementor-wrapper iframe,.elementor-widget-video .elementor-wrapper video{height:100%;width:100%;display:flex;border:none;background-color:#000}@supports not (aspect-ratio:1\/1){.elementor-widget-video .elementor-wrapper{position:relative;overflow:hidden;height:0;padding-bottom:calc(100% \/ var(--video-aspect-ratio))}.elementor-widget-video .elementor-wrapper iframe,.elementor-widget-video .elementor-wrapper video{position:absolute;top:0;right:0;bottom:0;left:0}}.elementor-widget-video .elementor-open-inline .elementor-custom-embed-image-overlay{position:absolute;top:0;left:0;width:100%;height:100%;background-size:cover;background-position:50%}.elementor-widget-video .elementor-custom-embed-image-overlay{cursor:pointer;text-align:center}.elementor-widget-video .elementor-custom-embed-image-overlay:hover .elementor-custom-embed-play i{opacity:1}.elementor-widget-video .elementor-custom-embed-image-overlay img{display:block;width:100%}.elementor-widget-video .e-hosted-video .elementor-video{-o-object-fit:cover;object-fit:cover}.e-con-inner>.elementor-widget-video,.e-con>.elementor-widget-video{width:var(--container-widget-width);--flex-grow:var(--container-widget-flex-grow)}<\/style>\t\t<div class=\"elementor-wrapper elementor-open-inline\">\n\t\t\t<div class=\"elementor-video\"><\/div>\t\t<\/div>\n\t\t\t\t<\/div>\n\t\t\t\t<\/div>\n\t\t\t\t\t<\/div>\n\t\t<\/div>\n\t\t\t\t<div class=\"elementor-column elementor-col-33 elementor-top-column elementor-element elementor-element-3e2c750\" data-id=\"3e2c750\" data-element_type=\"column\">\n\t\t\t<div class=\"elementor-widget-wrap elementor-element-populated\">\n\t\t\t\t\t\t\t\t<div class=\"elementor-element elementor-element-60bae30 elementor-widget__width-initial elementor-widget elementor-widget-text-editor\" data-id=\"60bae30\" data-element_type=\"widget\" data-widget_type=\"text-editor.default\">\n\t\t\t\t<div class=\"elementor-widget-container\">\n\t\t\t<style>\/*! elementor - v3.13.3 - 28-05-2023 *\/\n.elementor-widget-text-editor.elementor-drop-cap-view-stacked .elementor-drop-cap{background-color:#69727d;color:#fff}.elementor-widget-text-editor.elementor-drop-cap-view-framed .elementor-drop-cap{color:#69727d;border:3px solid;background-color:transparent}.elementor-widget-text-editor:not(.elementor-drop-cap-view-default) .elementor-drop-cap{margin-top:8px}.elementor-widget-text-editor:not(.elementor-drop-cap-view-default) .elementor-drop-cap-letter{width:1em;height:1em}.elementor-widget-text-editor .elementor-drop-cap{float:left;text-align:center;line-height:1;font-size:50px}.elementor-widget-text-editor .elementor-drop-cap-letter{display:inline-block}<\/style>\t\t\t\t<p class=\"p1\"><i>It's lush, it's energetic. Her first EP, PUSH won me over immediately!<\/i><\/p><p class=\"p1\"><b>Philippe Fehmiu &#8211; ICI Premi\u00e8re, CA<\/b><\/p><p class=\"wp-block-heading has-text-align-center\"><em>Exquisite neo soul, sexy and bouncing with positive energy!<\/em><\/p><p class=\"p1\"><b>Jocelyn Legault &#8211; BP Arts Media, CA<\/b><\/p>\t\t\t\t\t\t<\/div>\n\t\t\t\t<\/div>\n\t\t\t\t\t<\/div>\n\t\t<\/div>\n\t\t\t\t\t\t\t<\/div>\n\t\t<\/section>\n\t\t\t\t<section class=\"elementor-section elementor-top-section elementor-element elementor-element-e991260 elementor-section-boxed elementor-section-height-default elementor-section-height-default\" data-id=\"e991260\" data-element_type=\"section\">\n\t\t\t\t\t\t<div class=\"elementor-container elementor-column-gap-default\">\n\t\t\t\t\t<div class=\"elementor-column elementor-col-66 elementor-top-column elementor-element elementor-element-910cd50\" data-id=\"910cd50\" data-element_type=\"column\">\n\t\t\t<div class=\"elementor-widget-wrap elementor-element-populated\">\n\t\t\t\t\t\t\t\t<div class=\"elementor-element elementor-element-63078f1 elementor-widget elementor-widget-text-editor\" data-id=\"63078f1\" data-element_type=\"widget\" data-widget_type=\"text-editor.default\">\n\t\t\t\t<div class=\"elementor-widget-container\">\n\t\t\t\t\t\t\t<p><span style=\"font-weight: 400;\">\u00a0<\/span><\/p><p><span style=\"font-family: var( --e-global-typography-text-font-family ), Sans-serif; background-color: var(--wp--preset--color--base); font-size: var(--wp--preset--font-size--medium);\">Tina Leon is a singer and songwriter from Montreal who draws her inspiration from the Motown Generation and the soul music of the last decades. Having already sung and collaborated with Stevie Wonder, DJ Champion and Garou under the artist name of Marie-Christine Depestre, she now appears in a new light, more authentic and full of life than ever.\u00a0<\/span><\/p><p><span style=\"font-weight: 400;\">In reference to the nickname given to her by her family and in homage to her maternal grandmother, this choice of a new stage name is a way for her to fully express her personality, to assert her art and thus to find a form of balance.<\/span><\/p><p><span style=\"font-weight: 400;\">Self-described as a rainbow of soul, her two mini-albums \"PUSH\" and \"PULL\" are colorful journeys through jazzy, funk and pop rhythms with rich, haunting melodies.\u00a0<\/span><\/p><p><span style=\"font-weight: 400;\">\u00a0<\/span><\/p>\t\t\t\t\t\t<\/div>\n\t\t\t\t<\/div>\n\t\t\t\t\t<\/div>\n\t\t<\/div>\n\t\t\t\t<div class=\"elementor-column elementor-col-33 elementor-top-column elementor-element elementor-element-d91bdf4\" data-id=\"d91bdf4\" data-element_type=\"column\">\n\t\t\t<div class=\"elementor-widget-wrap elementor-element-populated\">\n\t\t\t\t\t\t\t\t<div class=\"elementor-element elementor-element-a169242 elementor-widget elementor-widget-html\" data-id=\"a169242\" data-element_type=\"widget\" data-widget_type=\"html.default\">\n\t\t\t\t<div class=\"elementor-widget-container\">\n\t\t\t<iframe style=\"border: 0; width: 350px; height: 470px;\" src=\"https:\/\/bandcamp.com\/EmbeddedPlayer\/album=2717682096\/size=large\/bgcol=ffffff\/linkcol=0687f5\/tracklist=false\/transparent=true\/\" seamless><a href=\"https:\/\/tinaleon.bandcamp.com\/album\/pull\">Pull by Tina Leon<\/a><\/iframe>\t\t<\/div>\n\t\t\t\t<\/div>\n\t\t\t\t\t<\/div>\n\t\t<\/div>\n\t\t\t\t\t\t\t<\/div>\n\t\t<\/section>\n\t\t\t\t<section class=\"elementor-section elementor-top-section elementor-element elementor-element-1e74595 elementor-section-boxed elementor-section-height-default elementor-section-height-default\" data-id=\"1e74595\" data-element_type=\"section\">\n\t\t\t\t\t\t<div class=\"elementor-container elementor-column-gap-default\">\n\t\t\t\t\t<div class=\"elementor-column elementor-col-100 elementor-top-column elementor-element elementor-element-4c2850e\" data-id=\"4c2850e\" data-element_type=\"column\">\n\t\t\t<div class=\"elementor-widget-wrap elementor-element-populated\">\n\t\t\t\t\t\t\t\t<div class=\"elementor-element elementor-element-0b7f380 elementor-widget elementor-widget-html\" data-id=\"0b7f380\" data-element_type=\"widget\" data-widget_type=\"html.default\">\n\t\t\t\t<div class=\"elementor-widget-container\">\n\t\t\t<script charset=\"utf-8\" src=\"https:\/\/widgetv3.bandsintown.com\/main.min.js\"><\/script>\n  <a class=\"bit-widget-initializer\"\n    \n\tdata-artist-name=\"id_15504408\"\n\t\n\tdata-background-color=\"#ffffff\"\n\tdata-separator-color=\"#DDDDDD\"\n\tdata-text-color=\"rgba(0,0,0,1)\"\n\tdata-font=\"Helvetica\"\n\tdata-auto-style=\"true\"\n\t\n\tdata-button-label-capitalization=\"capitalize\"\n\tdata-header-capitalization=\"\"\n\tdata-location-capitalization=\"capitalize\"\n\tdata-venue-capitalization=\"capitalize\"\n\tdata-display-local-dates=\"true\"\n\tdata-local-dates-position=\"tab\"\n\tdata-display-past-dates=\"false\"\n\tdata-display-details=\"\"\n\tdata-display-lineup=\"\"\n\tdata-display-start-time=\"\"\n\tdata-social-share-icon=\"false\"\n\tdata-display-limit=\"all\"\n\t\n\tdata-date-format=\"MMM. D, YYYY\"\n\tdata-date-orientation=\"horizontal\"\n\tdata-date-border-color=\"#4A4A4A\"\n\tdata-date-border-width=\"1px\"\n\tdata-date-capitalization=\"\"\n\tdata-date-border-radius=\"10px\"\n\t\n\tdata-event-ticket-cta-size=\"medium\"\n\tdata-event-custom-ticket-text=\"\"\n\tdata-event-ticket-text=\"TICKETS\"\n\tdata-event-ticket-icon=\"\"\n\tdata-event-ticket-cta-text-color=\"#FFFFFF\"\n\tdata-event-ticket-cta-bg-color=\"#4A4A4A\"\n\tdata-event-ticket-cta-border-color=\"#4A4A4A\"\n\tdata-event-ticket-cta-border-width=\"0px\"\n\tdata-event-ticket-cta-border-radius=\"4px\"\n\t\n\tdata-sold-out-button-text-color=\"#FFFFFF\"\n\tdata-sold-out-button-background-color=\"#4A4A4A\"\n\tdata-sold-out-button-border-color=\"#4A4A4A\"\n\tdata-sold-out-button-clickable=\"true\"\n\t\n\tdata-event-rsvp-position=\"hidden\"\n\tdata-event-rsvp-cta-size=\"medium\"\n\tdata-event-rsvp-only-show-icon=\"\"\n\tdata-event-rsvp-text=\"REMIND ME\"\n\tdata-event-rsvp-icon=\"\"\n\tdata-event-rsvp-cta-text-color=\"#4A4A4A\"\n\tdata-event-rsvp-cta-bg-color=\"#FFFFFF\"\n\tdata-event-rsvp-cta-border-color=\"#4A4A4A\"\n\tdata-event-rsvp-cta-border-width=\"1px\"\n\tdata-event-rsvp-cta-border-radius=\"4px\"\n\t\n\tdata-follow-section-position=\"top\"\n\tdata-follow-section-alignment=\"center\"\n\tdata-follow-section-header-text=\"Get updates on new shows, new music, and more.\"\n\tdata-follow-section-cta-size=\"medium\"\n\tdata-follow-section-cta-text=\"FOLLOW\"\n\tdata-follow-section-cta-icon=\"true\"\n\tdata-follow-section-cta-text-color=\"#FFFFFF\"\n\tdata-follow-section-cta-bg-color=\"#4A4A4A\"\n\tdata-follow-section-cta-border-color=\"#4A4A4A\"\n\tdata-follow-section-cta-border-width=\"0px\"\n\tdata-follow-section-cta-border-radius=\"4px\"\n\t\n\tdata-play-my-city-position=\"hidden\"\n\tdata-play-my-city-alignment=\"Center\"\n\tdata-play-my-city-header-text=\"Don\u2019t see a show near you?\"\n\tdata-play-my-city-cta-size=\"medium\"\n\tdata-play-my-city-cta-text=\"REQUEST A SHOW\"\n\tdata-play-my-city-cta-icon=\"true\"\n\tdata-play-my-city-cta-text-color=\"#FFFFFF\"\n\tdata-play-my-city-cta-bg-color=\"#4A4A4A\"\n\tdata-play-my-city-cta-border-color=\"#4A4A4A\"\n\tdata-play-my-city-cta-border-width=\"0px\"\n\tdata-play-my-city-cta-border-radius=\"4px\"\n\t\n\tdata-optin-font=\"\"\n\tdata-optin-text-color=\"\"\n\tdata-optin-bg-color=\"\"\n\tdata-optin-cta-text-color=\"\"\n\tdata-optin-cta-bg-color=\"\"\n\tdata-optin-cta-border-width=\"\"\n\tdata-optin-cta-border-radius=\"\"\n\tdata-optin-cta-border-color=\"\"\n\t\n\tdata-language=\"en\"\n\tdata-layout-breakpoint=\"900\"\n\tdata-app-id=\"\"\n\tdata-affil-code=\"\"\n\tdata-bit-logo-position=\"bottomRight\"\n\tdata-bit-logo-color=\"rgba(2,2,2,1)\"\n\t\n    ><\/a>\t\t<\/div>\n\t\t\t\t<\/div>\n\t\t\t\t\t<\/div>\n\t\t<\/div>\n\t\t\t\t\t\t\t<\/div>\n\t\t<\/section>\n\t\t\t\t<section class=\"elementor-section elementor-top-section elementor-element elementor-element-d047382 elementor-section-boxed elementor-section-height-default elementor-section-height-default\" data-id=\"d047382\" data-element_type=\"section\">\n\t\t\t\t\t\t<div class=\"elementor-container elementor-column-gap-default\">\n\t\t\t\t\t<div class=\"elementor-column elementor-col-100 elementor-top-column elementor-element elementor-element-fc2c426\" data-id=\"fc2c426\" data-element_type=\"column\">\n\t\t\t<div class=\"elementor-widget-wrap elementor-element-populated\">\n\t\t\t\t\t\t\t\t<section class=\"elementor-section elementor-inner-section elementor-element elementor-element-4d02f2b elementor-section-boxed elementor-section-height-default elementor-section-height-default\" data-id=\"4d02f2b\" data-element_type=\"section\">\n\t\t\t\t\t\t<div class=\"elementor-container elementor-column-gap-default\">\n\t\t\t\t\t<div class=\"elementor-column elementor-col-50 elementor-inner-column elementor-element elementor-element-e229368\" data-id=\"e229368\" data-element_type=\"column\">\n\t\t\t<div class=\"elementor-widget-wrap elementor-element-populated\">\n\t\t\t\t\t\t\t\t<div class=\"elementor-element elementor-element-65d88c1 elementor-widget elementor-widget-image\" data-id=\"65d88c1\" data-element_type=\"widget\" data-widget_type=\"image.default\">\n\t\t\t\t<div class=\"elementor-widget-container\">\n\t\t\t\t\t\t\t\t\t\t\t\t\t\t\t<img loading=\"lazy\" decoding=\"async\" width=\"300\" height=\"300\" src=\"https:\/\/tinaleon.ensoulrecords.com\/wp-content\/uploads\/2023\/06\/Logo-Ensoul-1000x1000px-Noir-300x300.png\" class=\"attachment-medium size-medium wp-image-373\" alt=\"\" srcset=\"https:\/\/tinaleon.ensoulrecords.com\/wp-content\/uploads\/2023\/06\/Logo-Ensoul-1000x1000px-Noir-300x300.png 300w, https:\/\/tinaleon.ensoulrecords.com\/wp-content\/uploads\/2023\/06\/Logo-Ensoul-1000x1000px-Noir-1024x1024.png 1024w, https:\/\/tinaleon.ensoulrecords.com\/wp-content\/uploads\/2023\/06\/Logo-Ensoul-1000x1000px-Noir-150x150.png 150w, https:\/\/tinaleon.ensoulrecords.com\/wp-content\/uploads\/2023\/06\/Logo-Ensoul-1000x1000px-Noir-768x768.png 768w, https:\/\/tinaleon.ensoulrecords.com\/wp-content\/uploads\/2023\/06\/Logo-Ensoul-1000x1000px-Noir-1536x1536.png 1536w, https:\/\/tinaleon.ensoulrecords.com\/wp-content\/uploads\/2023\/06\/Logo-Ensoul-1000x1000px-Noir-2048x2048.png 2048w, https:\/\/tinaleon.ensoulrecords.com\/wp-content\/uploads\/2023\/06\/Logo-Ensoul-1000x1000px-Noir-12x12.png 12w\" sizes=\"auto, (max-width: 300px) 100vw, 300px\" \/>\t\t\t\t\t\t\t\t\t\t\t\t\t\t\t<\/div>\n\t\t\t\t<\/div>\n\t\t\t\t\t<\/div>\n\t\t<\/div>\n\t\t\t\t<div class=\"elementor-column elementor-col-50 elementor-inner-column elementor-element elementor-element-3aee45a\" data-id=\"3aee45a\" data-element_type=\"column\">\n\t\t\t<div class=\"elementor-widget-wrap elementor-element-populated\">\n\t\t\t\t\t\t\t\t<div class=\"elementor-element elementor-element-ae382dc elementor-widget elementor-widget-image\" data-id=\"ae382dc\" data-element_type=\"widget\" data-widget_type=\"image.default\">\n\t\t\t\t<div class=\"elementor-widget-container\">\n\t\t\t\t\t\t\t\t\t\t\t\t\t\t\t<img loading=\"lazy\" decoding=\"async\" width=\"300\" height=\"107\" src=\"https:\/\/tinaleon.ensoulrecords.com\/wp-content\/uploads\/2023\/06\/Resonances_officiel_Noir_web-300x107.png\" class=\"attachment-medium size-medium wp-image-389\" alt=\"\" srcset=\"https:\/\/tinaleon.ensoulrecords.com\/wp-content\/uploads\/2023\/06\/Resonances_officiel_Noir_web-300x107.png 300w, https:\/\/tinaleon.ensoulrecords.com\/wp-content\/uploads\/2023\/06\/Resonances_officiel_Noir_web-18x6.png 18w, https:\/\/tinaleon.ensoulrecords.com\/wp-content\/uploads\/2023\/06\/Resonances_officiel_Noir_web.png 627w\" sizes=\"auto, (max-width: 300px) 100vw, 300px\" \/>\t\t\t\t\t\t\t\t\t\t\t\t\t\t\t<\/div>\n\t\t\t\t<\/div>\n\t\t\t\t\t<\/div>\n\t\t<\/div>\n\t\t\t\t\t\t\t<\/div>\n\t\t<\/section>\n\t\t\t\t\t<\/div>\n\t\t<\/div>\n\t\t\t\t\t\t\t<\/div>\n\t\t<\/section>\n\t\t\t\t<section class=\"elementor-section elementor-top-section elementor-element elementor-element-78c5e68 elementor-section-content-middle elementor-section-boxed elementor-section-height-default elementor-section-height-default\" data-id=\"78c5e68\" data-element_type=\"section\">\n\t\t\t\t\t\t<div class=\"elementor-container elementor-column-gap-default\">\n\t\t\t\t\t<div class=\"elementor-column elementor-col-50 elementor-top-column elementor-element elementor-element-0d18601\" data-id=\"0d18601\" data-element_type=\"column\">\n\t\t\t<div class=\"elementor-widget-wrap elementor-element-populated\">\n\t\t\t\t\t\t\t\t<div class=\"elementor-element elementor-element-adfbb7b elementor-widget elementor-widget-image\" data-id=\"adfbb7b\" data-element_type=\"widget\" data-widget_type=\"image.default\">\n\t\t\t\t<div class=\"elementor-widget-container\">\n\t\t\t\t\t\t\t\t\t\t\t\t\t\t\t<img loading=\"lazy\" decoding=\"async\" width=\"300\" height=\"133\" src=\"https:\/\/tinaleon.ensoulrecords.com\/wp-content\/uploads\/2023\/06\/Logo-SODEC-noir-et-blanc-300x133.png\" class=\"attachment-medium size-medium wp-image-374\" alt=\"\" srcset=\"https:\/\/tinaleon.ensoulrecords.com\/wp-content\/uploads\/2023\/06\/Logo-SODEC-noir-et-blanc-300x133.png 300w, https:\/\/tinaleon.ensoulrecords.com\/wp-content\/uploads\/2023\/06\/Logo-SODEC-noir-et-blanc-1024x453.png 1024w, https:\/\/tinaleon.ensoulrecords.com\/wp-content\/uploads\/2023\/06\/Logo-SODEC-noir-et-blanc-768x340.png 768w, https:\/\/tinaleon.ensoulrecords.com\/wp-content\/uploads\/2023\/06\/Logo-SODEC-noir-et-blanc-18x8.png 18w, https:\/\/tinaleon.ensoulrecords.com\/wp-content\/uploads\/2023\/06\/Logo-SODEC-noir-et-blanc.png 1269w\" sizes=\"auto, (max-width: 300px) 100vw, 300px\" \/>\t\t\t\t\t\t\t\t\t\t\t\t\t\t\t<\/div>\n\t\t\t\t<\/div>\n\t\t\t\t\t<\/div>\n\t\t<\/div>\n\t\t\t\t<div class=\"elementor-column elementor-col-50 elementor-top-column elementor-element elementor-element-7447a39\" data-id=\"7447a39\" data-element_type=\"column\">\n\t\t\t<div class=\"elementor-widget-wrap elementor-element-populated\">\n\t\t\t\t\t\t\t\t<div class=\"elementor-element elementor-element-fc91667 elementor-widget elementor-widget-image\" data-id=\"fc91667\" data-element_type=\"widget\" data-widget_type=\"image.default\">\n\t\t\t\t<div class=\"elementor-widget-container\">\n\t\t\t\t\t\t\t\t\t\t\t\t\t\t\t<img loading=\"lazy\" decoding=\"async\" width=\"300\" height=\"94\" src=\"https:\/\/tinaleon.ensoulrecords.com\/wp-content\/uploads\/2023\/06\/FACTOR-Standalone-CMYK-black-1-300x94.png\" class=\"attachment-medium size-medium wp-image-375\" alt=\"\" srcset=\"https:\/\/tinaleon.ensoulrecords.com\/wp-content\/uploads\/2023\/06\/FACTOR-Standalone-CMYK-black-1-300x94.png 300w, https:\/\/tinaleon.ensoulrecords.com\/wp-content\/uploads\/2023\/06\/FACTOR-Standalone-CMYK-black-1-768x240.png 768w, https:\/\/tinaleon.ensoulrecords.com\/wp-content\/uploads\/2023\/06\/FACTOR-Standalone-CMYK-black-1-18x6.png 18w, https:\/\/tinaleon.ensoulrecords.com\/wp-content\/uploads\/2023\/06\/FACTOR-Standalone-CMYK-black-1.png 800w\" sizes=\"auto, (max-width: 300px) 100vw, 300px\" \/>\t\t\t\t\t\t\t\t\t\t\t\t\t\t\t<\/div>\n\t\t\t\t<\/div>\n\t\t\t\t\t<\/div>\n\t\t<\/div>\n\t\t\t\t\t\t\t<\/div>\n\t\t<\/section>\n\t\t\t\t\t\t\t<\/div>","protected":false},"excerpt":{"rendered":"<p>https:\/\/youtube.com\/watch?v=AS1jPqgxG8c&#038;feature=shares C\u2019est luxuriant, c\u2019est \u00e9nergique. PUSH, son premier EP m\u2019a imm\u00e9diatement s\u00e9duit! Philippe Fehmiu &#8211; ICI Premi\u00e8re, CA De la n\u00e9o soul exquise, sexy et rebondissante d\u2019\u00e9nergie positive! Jocelyn Legault &#8211; BP Arts Media, CA \u00a0 Tina Leon est une auteure-compositrice-interpr\u00e8te de Montr\u00e9al qui puise son inspiration de la G\u00e9n\u00e9ration Motown et de la soul [&hellip;]<\/p>","protected":false},"author":1,"featured_media":0,"parent":0,"menu_order":0,"comment_status":"closed","ping_status":"closed","template":"elementor_canvas","meta":{"footnotes":""},"class_list":["post-14","page","type-page","status-publish","hentry"],"_links":{"self":[{"href":"https:\/\/tinaleon.ensoulrecords.com\/en\/wp-json\/wp\/v2\/pages\/14","targetHints":{"allow":["GET"]}}],"collection":[{"href":"https:\/\/tinaleon.ensoulrecords.com\/en\/wp-json\/wp\/v2\/pages"}],"about":[{"href":"https:\/\/tinaleon.ensoulrecords.com\/en\/wp-json\/wp\/v2\/types\/page"}],"author":[{"embeddable":true,"href":"https:\/\/tinaleon.ensoulrecords.com\/en\/wp-json\/wp\/v2\/users\/1"}],"replies":[{"embeddable":true,"href":"https:\/\/tinaleon.ensoulrecords.com\/en\/wp-json\/wp\/v2\/comments?post=14"}],"version-history":[{"count":76,"href":"https:\/\/tinaleon.ensoulrecords.com\/en\/wp-json\/wp\/v2\/pages\/14\/revisions"}],"predecessor-version":[{"id":392,"href":"https:\/\/tinaleon.ensoulrecords.com\/en\/wp-json\/wp\/v2\/pages\/14\/revisions\/392"}],"wp:attachment":[{"href":"https:\/\/tinaleon.ensoulrecords.com\/en\/wp-json\/wp\/v2\/media?parent=14"}],"curies":[{"name":"wp","href":"https:\/\/api.w.org\/{rel}","templated":true}]}}